{"id":2239,"date":"2024-09-30T09:55:16","date_gmt":"2024-09-30T07:55:16","guid":{"rendered":"https:\/\/solutions-finder.betapage.de\/datenschutzerklaerung\/"},"modified":"2024-10-11T10:50:39","modified_gmt":"2024-10-11T08:50:39","slug":"privacy-policy","status":"publish","type":"page","link":"https:\/\/solutions-finder.com\/en\/privacy-policy\/","title":{"rendered":"Privacy policy"},"content":{"rendered":"\t\t<div data-elementor-type=\"wp-page\" data-elementor-id=\"2239\" class=\"elementor elementor-2239 elementor-461\" data-elementor-post-type=\"page\">\n\t\t\t\t\t\t<section class=\"elementor-section elementor-top-section elementor-element elementor-element-406bd17a elementor-section-full_width elementor-section-height-default elementor-section-height-default\" data-id=\"406bd17a\" data-element_type=\"section\">\n\t\t\t\t\t\t<div class=\"elementor-container elementor-column-gap-default\">\n\t\t\t\t\t<div class=\"elementor-column elementor-col-100 elementor-top-column elementor-element elementor-element-5e30528c\" data-id=\"5e30528c\" data-element_type=\"column\">\n\t\t\t<div class=\"elementor-widget-wrap elementor-element-populated\">\n\t\t\t\t\t\t<section class=\"elementor-section elementor-inner-section elementor-element elementor-element-001a7dc elementor-section-boxed elementor-section-height-default elementor-section-height-default\" data-id=\"001a7dc\" data-element_type=\"section\">\n\t\t\t\t\t\t<div class=\"elementor-container elementor-column-gap-default\">\n\t\t\t\t\t<div class=\"elementor-column elementor-col-100 elementor-inner-column elementor-element elementor-element-ba253ed\" data-id=\"ba253ed\" data-element_type=\"column\">\n\t\t\t<div class=\"elementor-widget-wrap elementor-element-populated\">\n\t\t\t\t\t\t<div class=\"elementor-element elementor-element-7da4070 elementor-widget elementor-widget-html\" data-id=\"7da4070\" data-element_type=\"widget\" data-widget_type=\"html.default\">\n\t\t\t\t<div class=\"elementor-widget-container\">\n\t\t\t\t\t<script src=\"https:\/\/www.privacybee.io\/widget.js\" defer><\/script>\r\n<privacybee-widget website-id=\"clzs5qy8r002lzd3d1m4z6zuv\" type=\"dsg\" lang=\"en\"><\/privacybee-widget>\t\t\t\t<\/div>\n\t\t\t\t<\/div>\n\t\t\t\t\t<\/div>\n\t\t<\/div>\n\t\t\t\t\t<\/div>\n\t\t<\/section>\n\t\t\t\t\t<\/div>\n\t\t<\/div>\n\t\t\t\t\t<\/div>\n\t\t<\/section>\n\t\t\t\t<section class=\"elementor-section elementor-top-section elementor-element elementor-element-57b714c1 padding-80 elementor-section-full_width elementor-section-height-default elementor-section-height-default\" data-id=\"57b714c1\" data-element_type=\"section\" id=\"padding-80\">\n\t\t\t\t\t\t<div class=\"elementor-container elementor-column-gap-default\">\n\t\t\t\t\t<div class=\"elementor-column elementor-col-100 elementor-top-column elementor-element elementor-element-361b4f3d\" data-id=\"361b4f3d\" data-element_type=\"column\">\n\t\t\t<div class=\"elementor-widget-wrap elementor-element-populated\">\n\t\t\t\t\t\t<div class=\"elementor-element elementor-element-63365b8b padd-100 elementor-widget elementor-widget-spacer\" data-id=\"63365b8b\" data-element_type=\"widget\" data-widget_type=\"spacer.default\">\n\t\t\t\t<div class=\"elementor-widget-container\">\n\t\t\t\t\t\t\t<div class=\"elementor-spacer\">\n\t\t\t<div class=\"elementor-spacer-inner\"><\/div>\n\t\t<\/div>\n\t\t\t\t\t\t<\/div>\n\t\t\t\t<\/div>\n\t\t\t\t\t<\/div>\n\t\t<\/div>\n\t\t\t\t\t<\/div>\n\t\t<\/section>\n\t\t\t\t<\/div>\n\t\t","protected":false},"excerpt":{"rendered":"","protected":false},"author":7,"featured_media":0,"parent":0,"menu_order":0,"comment_status":"closed","ping_status":"closed","template":"elementor_header_footer","meta":{"_acf_changed":false,"footnotes":""},"class_list":["post-2239","page","type-page","status-publish","hentry"],"acf":[],"yoast_head":"<!-- This site is optimized with the Yoast SEO plugin v25.1 - https:\/\/yoast.com\/wordpress\/plugins\/seo\/ -->\n<title>Datenschutzerkl\u00e4rung von ASB TRAINING LTD<\/title>\n<meta name=\"description\" content=\"Die Datenschutz-Erkl\u00e4rung von ASB TRAINING LTD findest Du auf dieser Seite. Alles \u00fcber Datenerfassung, Analyse Co.\" \/>\n<meta name=\"robots\" content=\"index, follow, max-snippet:-1, max-image-preview:large, max-video-preview:-1\" \/>\n<link rel=\"canonical\" href=\"https:\/\/solutions-finder.com\/en\/privacy-policy\/\" \/>\n<meta property=\"og:locale\" content=\"en_US\" \/>\n<meta property=\"og:type\" content=\"article\" \/>\n<meta property=\"og:title\" content=\"Datenschutzerkl\u00e4rung von ASB TRAINING LTD\" \/>\n<meta property=\"og:description\" content=\"Die Datenschutz-Erkl\u00e4rung von ASB TRAINING LTD findest Du auf dieser Seite. Alles \u00fcber Datenerfassung, Analyse Co.\" \/>\n<meta property=\"og:url\" content=\"https:\/\/solutions-finder.com\/en\/privacy-policy\/\" \/>\n<meta property=\"og:site_name\" content=\"solutions-finder.de\" \/>\n<meta property=\"article:publisher\" content=\"https:\/\/www.facebook.com\/solutions.finder.uk\" \/>\n<meta property=\"article:modified_time\" content=\"2024-10-11T08:50:39+00:00\" \/>\n<meta name=\"twitter:card\" content=\"summary_large_image\" \/>\n<script type=\"application\/ld+json\" class=\"yoast-schema-graph\">{\"@context\":\"https:\/\/schema.org\",\"@graph\":[{\"@type\":\"WebPage\",\"@id\":\"https:\/\/solutions-finder.com\/en\/privacy-policy\/\",\"url\":\"https:\/\/solutions-finder.com\/en\/privacy-policy\/\",\"name\":\"Datenschutzerkl\u00e4rung von ASB TRAINING LTD\",\"isPartOf\":{\"@id\":\"http:\/\/solutions-finder.com\/en\/#website\"},\"datePublished\":\"2024-09-30T07:55:16+00:00\",\"dateModified\":\"2024-10-11T08:50:39+00:00\",\"description\":\"Die Datenschutz-Erkl\u00e4rung von ASB TRAINING LTD findest Du auf dieser Seite. Alles \u00fcber Datenerfassung, Analyse Co.\",\"breadcrumb\":{\"@id\":\"https:\/\/solutions-finder.com\/en\/privacy-policy\/#breadcrumb\"},\"inLanguage\":\"en-US\",\"potentialAction\":[{\"@type\":\"ReadAction\",\"target\":[\"https:\/\/solutions-finder.com\/en\/privacy-policy\/\"]}]},{\"@type\":\"BreadcrumbList\",\"@id\":\"https:\/\/solutions-finder.com\/en\/privacy-policy\/#breadcrumb\",\"itemListElement\":[{\"@type\":\"ListItem\",\"position\":1,\"name\":\"Startseite\",\"item\":\"http:\/\/solutions-finder.com\/en\/\"},{\"@type\":\"ListItem\",\"position\":2,\"name\":\"Privacy policy\"}]},{\"@type\":\"WebSite\",\"@id\":\"http:\/\/solutions-finder.com\/en\/#website\",\"url\":\"http:\/\/solutions-finder.com\/en\/\",\"name\":\"solutions-finder.de\",\"description\":\"\",\"publisher\":{\"@id\":\"http:\/\/solutions-finder.com\/en\/#organization\"},\"potentialAction\":[{\"@type\":\"SearchAction\",\"target\":{\"@type\":\"EntryPoint\",\"urlTemplate\":\"http:\/\/solutions-finder.com\/en\/?s={search_term_string}\"},\"query-input\":{\"@type\":\"PropertyValueSpecification\",\"valueRequired\":true,\"valueName\":\"search_term_string\"}}],\"inLanguage\":\"en-US\"},{\"@type\":\"Organization\",\"@id\":\"http:\/\/solutions-finder.com\/en\/#organization\",\"name\":\"solutions-finder.de\",\"url\":\"http:\/\/solutions-finder.com\/en\/\",\"logo\":{\"@type\":\"ImageObject\",\"inLanguage\":\"en-US\",\"@id\":\"http:\/\/solutions-finder.com\/en\/#\/schema\/logo\/image\/\",\"url\":\"https:\/\/solutions-finder.com\/wp-content\/uploads\/2022\/02\/solutions-finder-logo-v2.webp\",\"contentUrl\":\"https:\/\/solutions-finder.com\/wp-content\/uploads\/2022\/02\/solutions-finder-logo-v2.webp\",\"width\":350,\"height\":260,\"caption\":\"solutions-finder.de\"},\"image\":{\"@id\":\"http:\/\/solutions-finder.com\/en\/#\/schema\/logo\/image\/\"},\"sameAs\":[\"https:\/\/www.facebook.com\/solutions.finder.uk\",\"https:\/\/www.instagram.com\/solutions.finder.uk\/\",\"https:\/\/www.youtube.com\/channel\/UCo6gHqpHWxUNYkPGjg5tSyw?view_as=subscriber\"]}]}<\/script>\n<!-- \/ Yoast SEO plugin. -->","yoast_head_json":{"title":"Datenschutzerkl\u00e4rung von ASB TRAINING LTD","description":"Die Datenschutz-Erkl\u00e4rung von ASB TRAINING LTD findest Du auf dieser Seite. Alles \u00fcber Datenerfassung, Analyse Co.","robots":{"index":"index","follow":"follow","max-snippet":"max-snippet:-1","max-image-preview":"max-image-preview:large","max-video-preview":"max-video-preview:-1"},"canonical":"https:\/\/solutions-finder.com\/en\/privacy-policy\/","og_locale":"en_US","og_type":"article","og_title":"Datenschutzerkl\u00e4rung von ASB TRAINING LTD","og_description":"Die Datenschutz-Erkl\u00e4rung von ASB TRAINING LTD findest Du auf dieser Seite. Alles \u00fcber Datenerfassung, Analyse Co.","og_url":"https:\/\/solutions-finder.com\/en\/privacy-policy\/","og_site_name":"solutions-finder.de","article_publisher":"https:\/\/www.facebook.com\/solutions.finder.uk","article_modified_time":"2024-10-11T08:50:39+00:00","twitter_card":"summary_large_image","schema":{"@context":"https:\/\/schema.org","@graph":[{"@type":"WebPage","@id":"https:\/\/solutions-finder.com\/en\/privacy-policy\/","url":"https:\/\/solutions-finder.com\/en\/privacy-policy\/","name":"Datenschutzerkl\u00e4rung von ASB TRAINING LTD","isPartOf":{"@id":"http:\/\/solutions-finder.com\/en\/#website"},"datePublished":"2024-09-30T07:55:16+00:00","dateModified":"2024-10-11T08:50:39+00:00","description":"Die Datenschutz-Erkl\u00e4rung von ASB TRAINING LTD findest Du auf dieser Seite. Alles \u00fcber Datenerfassung, Analyse Co.","breadcrumb":{"@id":"https:\/\/solutions-finder.com\/en\/privacy-policy\/#breadcrumb"},"inLanguage":"en-US","potentialAction":[{"@type":"ReadAction","target":["https:\/\/solutions-finder.com\/en\/privacy-policy\/"]}]},{"@type":"BreadcrumbList","@id":"https:\/\/solutions-finder.com\/en\/privacy-policy\/#breadcrumb","itemListElement":[{"@type":"ListItem","position":1,"name":"Startseite","item":"http:\/\/solutions-finder.com\/en\/"},{"@type":"ListItem","position":2,"name":"Privacy policy"}]},{"@type":"WebSite","@id":"http:\/\/solutions-finder.com\/en\/#website","url":"http:\/\/solutions-finder.com\/en\/","name":"solutions-finder.de","description":"","publisher":{"@id":"http:\/\/solutions-finder.com\/en\/#organization"},"potentialAction":[{"@type":"SearchAction","target":{"@type":"EntryPoint","urlTemplate":"http:\/\/solutions-finder.com\/en\/?s={search_term_string}"},"query-input":{"@type":"PropertyValueSpecification","valueRequired":true,"valueName":"search_term_string"}}],"inLanguage":"en-US"},{"@type":"Organization","@id":"http:\/\/solutions-finder.com\/en\/#organization","name":"solutions-finder.de","url":"http:\/\/solutions-finder.com\/en\/","logo":{"@type":"ImageObject","inLanguage":"en-US","@id":"http:\/\/solutions-finder.com\/en\/#\/schema\/logo\/image\/","url":"https:\/\/solutions-finder.com\/wp-content\/uploads\/2022\/02\/solutions-finder-logo-v2.webp","contentUrl":"https:\/\/solutions-finder.com\/wp-content\/uploads\/2022\/02\/solutions-finder-logo-v2.webp","width":350,"height":260,"caption":"solutions-finder.de"},"image":{"@id":"http:\/\/solutions-finder.com\/en\/#\/schema\/logo\/image\/"},"sameAs":["https:\/\/www.facebook.com\/solutions.finder.uk","https:\/\/www.instagram.com\/solutions.finder.uk\/","https:\/\/www.youtube.com\/channel\/UCo6gHqpHWxUNYkPGjg5tSyw?view_as=subscriber"]}]}},"_links":{"self":[{"href":"https:\/\/solutions-finder.com\/en\/wp-json\/wp\/v2\/pages\/2239","targetHints":{"allow":["GET"]}}],"collection":[{"href":"https:\/\/solutions-finder.com\/en\/wp-json\/wp\/v2\/pages"}],"about":[{"href":"https:\/\/solutions-finder.com\/en\/wp-json\/wp\/v2\/types\/page"}],"author":[{"embeddable":true,"href":"https:\/\/solutions-finder.com\/en\/wp-json\/wp\/v2\/users\/7"}],"replies":[{"embeddable":true,"href":"https:\/\/solutions-finder.com\/en\/wp-json\/wp\/v2\/comments?post=2239"}],"version-history":[{"count":12,"href":"https:\/\/solutions-finder.com\/en\/wp-json\/wp\/v2\/pages\/2239\/revisions"}],"predecessor-version":[{"id":2418,"href":"https:\/\/solutions-finder.com\/en\/wp-json\/wp\/v2\/pages\/2239\/revisions\/2418"}],"wp:attachment":[{"href":"https:\/\/solutions-finder.com\/en\/wp-json\/wp\/v2\/media?parent=2239"}],"curies":[{"name":"wp","href":"https:\/\/api.w.org\/{rel}","templated":true}]}}