{"id":2237,"date":"2024-09-30T09:52:27","date_gmt":"2024-09-30T07:52:27","guid":{"rendered":"https:\/\/solutions-finder.betapage.de\/impressum\/"},"modified":"2024-12-13T09:27:34","modified_gmt":"2024-12-13T08:27:34","slug":"imprint","status":"publish","type":"page","link":"https:\/\/solutions-finder.com\/en\/imprint\/","title":{"rendered":"Imprint"},"content":{"rendered":"\t\t<div data-elementor-type=\"wp-page\" data-elementor-id=\"2237\" class=\"elementor elementor-2237 elementor-450\" data-elementor-post-type=\"page\">\n\t\t\t\t\t\t<section class=\"elementor-section elementor-top-section elementor-element elementor-element-6a8d8891 padding-60 elementor-section-full_width elementor-section-height-default elementor-section-height-default\" data-id=\"6a8d8891\" data-element_type=\"section\" id=\"padding-60\">\n\t\t\t\t\t\t<div class=\"elementor-container elementor-column-gap-default\">\n\t\t\t\t\t<div class=\"elementor-column elementor-col-100 elementor-top-column elementor-element elementor-element-4bfc850\" data-id=\"4bfc850\" data-element_type=\"column\">\n\t\t\t<div class=\"elementor-widget-wrap elementor-element-populated\">\n\t\t\t\t\t\t<div class=\"elementor-element elementor-element-6af72421 padd-60 elementor-widget elementor-widget-spacer\" data-id=\"6af72421\" data-element_type=\"widget\" data-widget_type=\"spacer.default\">\n\t\t\t\t<div class=\"elementor-widget-container\">\n\t\t\t\t\t\t\t<div class=\"elementor-spacer\">\n\t\t\t<div class=\"elementor-spacer-inner\"><\/div>\n\t\t<\/div>\n\t\t\t\t\t\t<\/div>\n\t\t\t\t<\/div>\n\t\t\t\t\t<\/div>\n\t\t<\/div>\n\t\t\t\t\t<\/div>\n\t\t<\/section>\n\t\t\t\t<section class=\"elementor-section elementor-top-section elementor-element elementor-element-b127f00 elementor-section-full_width elementor-section-height-default elementor-section-height-default\" data-id=\"b127f00\" data-element_type=\"section\">\n\t\t\t\t\t\t<div class=\"elementor-container elementor-column-gap-default\">\n\t\t\t\t\t<div class=\"elementor-column elementor-col-100 elementor-top-column elementor-element elementor-element-52a1092\" data-id=\"52a1092\" data-element_type=\"column\">\n\t\t\t<div class=\"elementor-widget-wrap elementor-element-populated\">\n\t\t\t\t\t\t<section class=\"elementor-section elementor-inner-section elementor-element elementor-element-3b87710 elementor-section-boxed elementor-section-height-default elementor-section-height-default\" data-id=\"3b87710\" data-element_type=\"section\">\n\t\t\t\t\t\t<div class=\"elementor-container elementor-column-gap-default\">\n\t\t\t\t\t<div class=\"elementor-column elementor-col-100 elementor-inner-column elementor-element elementor-element-d1bf359\" data-id=\"d1bf359\" data-element_type=\"column\">\n\t\t\t<div class=\"elementor-widget-wrap elementor-element-populated\">\n\t\t\t\t\t\t<div class=\"elementor-element elementor-element-068251d hl1 elementor-widget elementor-widget-text-editor\" data-id=\"068251d\" data-element_type=\"widget\" data-widget_type=\"text-editor.default\">\n\t\t\t\t<div class=\"elementor-widget-container\">\n\t\t\t\t\t\t\t\t\t<h1>Impressum<\/h1>\n\t\t\t\t\t\t\t\t<\/div>\n\t\t\t\t<\/div>\n\t\t\t\t\t<\/div>\n\t\t<\/div>\n\t\t\t\t\t<\/div>\n\t\t<\/section>\n\t\t\t\t\t<\/div>\n\t\t<\/div>\n\t\t\t\t\t<\/div>\n\t\t<\/section>\n\t\t\t\t<section class=\"elementor-section elementor-top-section elementor-element elementor-element-61fc4ebc padding-20 elementor-section-full_width elementor-section-height-default elementor-section-height-default\" data-id=\"61fc4ebc\" data-element_type=\"section\" id=\"padding-20\">\n\t\t\t\t\t\t<div class=\"elementor-container elementor-column-gap-default\">\n\t\t\t\t\t<div class=\"elementor-column elementor-col-100 elementor-top-column elementor-element elementor-element-4a513b75\" data-id=\"4a513b75\" data-element_type=\"column\">\n\t\t\t<div class=\"elementor-widget-wrap elementor-element-populated\">\n\t\t\t\t\t\t<div class=\"elementor-element elementor-element-73f604a2 padd-20 elementor-widget elementor-widget-spacer\" data-id=\"73f604a2\" data-element_type=\"widget\" data-widget_type=\"spacer.default\">\n\t\t\t\t<div class=\"elementor-widget-container\">\n\t\t\t\t\t\t\t<div class=\"elementor-spacer\">\n\t\t\t<div class=\"elementor-spacer-inner\"><\/div>\n\t\t<\/div>\n\t\t\t\t\t\t<\/div>\n\t\t\t\t<\/div>\n\t\t\t\t\t<\/div>\n\t\t<\/div>\n\t\t\t\t\t<\/div>\n\t\t<\/section>\n\t\t\t\t<section class=\"elementor-section elementor-top-section elementor-element elementor-element-7aa8303 elementor-section-full_width p-clean-co-v4-1 elementor-section-height-default elementor-section-height-default\" data-id=\"7aa8303\" data-element_type=\"section\">\n\t\t\t\t\t\t<div class=\"elementor-container elementor-column-gap-default\">\n\t\t\t\t\t<div class=\"elementor-column elementor-col-100 elementor-top-column elementor-element elementor-element-9560cf0\" data-id=\"9560cf0\" data-element_type=\"column\">\n\t\t\t<div class=\"elementor-widget-wrap elementor-element-populated\">\n\t\t\t\t\t\t<section class=\"elementor-section elementor-inner-section elementor-element elementor-element-90ae8cf elementor-section-boxed elementor-section-height-default elementor-section-height-default\" data-id=\"90ae8cf\" data-element_type=\"section\">\n\t\t\t\t\t\t<div class=\"elementor-container elementor-column-gap-default\">\n\t\t\t\t\t<div class=\"elementor-column elementor-col-100 elementor-inner-column elementor-element elementor-element-8cd7cd1\" data-id=\"8cd7cd1\" data-element_type=\"column\">\n\t\t\t<div class=\"elementor-widget-wrap elementor-element-populated\">\n\t\t\t\t\t\t<div class=\"elementor-element elementor-element-4be102a elementor-widget elementor-widget-text-editor\" data-id=\"4be102a\" data-element_type=\"widget\" data-widget_type=\"text-editor.default\">\n\t\t\t\t<div class=\"elementor-widget-container\">\n\t\t\t\t\t\t\t\t\t<h2>ANGABEN GEM\u00c4SS \u00a7 5 DDG<\/h2>\n<p>Astrid Schmitt-Bylandt<br \/>Am Ellerhang 14<br \/>61462 Koenigstein<\/p>\n<h2>VERTRETEN DURCH:<\/h2>\n<p>Gesch\u00e4ftsf\u00fchrerin: Astrid Schmitt-Bylandt<\/p>\n<h2>KONTAKT:<\/h2>\n<p>Telefon Zentrale: +49 6174 9528499<br \/>E-Mail: success@solutions-finder.com<\/p>\n<h3>Haftung f\u00fcr Inhalte<\/h3>\n<p>Als Diensteanbieter sind wir gem\u00e4\u00df \u00a7 7 Abs.1 DDG f\u00fcr eigene Inhalte auf diesen Seiten nach den allgemeinen Gesetzen verantwortlich. Nach \u00a7\u00a7 8 bis 10 DDG sind wir als Diensteanbieter jedoch nicht verpflichtet, \u00fcbermittelte oder gespeicherte fremde Informationen zu \u00fcberwachen oder nach Umst\u00e4nden zu forschen, die auf eine rechtswidrige T\u00e4tigkeit hinweisen.<\/p>\n<p>Verpflichtungen zur Entfernung oder Sperrung der Nutzung von Informationen nach den allgemeinen Gesetzen bleiben hiervon unber\u00fchrt. Eine diesbez\u00fcgliche Haftung ist jedoch erst ab dem Zeitpunkt der Kenntnis einer konkreten Rechtsverletzung m\u00f6glich. Bei Bekanntwerden von entsprechenden Rechtsverletzungen werden wir diese Inhalte umgehend entfernen.<\/p>\n<h3>Haftung f\u00fcr Links<\/h3>\n<p>Unser Angebot enth\u00e4lt Links zu externen Websites Dritter, auf deren Inhalte wir keinen Einfluss haben. Deshalb k\u00f6nnen wir f\u00fcr diese fremden Inhalte auch keine Gew\u00e4hr \u00fcbernehmen. F\u00fcr die Inhalte der verlinkten Seiten ist stets der jeweilige Anbieter oder Betreiber der Seiten verantwortlich. Die verlinkten Seiten wurden zum Zeitpunkt der Verlinkung auf m\u00f6gliche Rechtsverst\u00f6\u00dfe \u00fcberpr\u00fcft. Rechtswidrige Inhalte waren zum Zeitpunkt der Verlinkung nicht erkennbar.<\/p>\n<p>Eine permanente inhaltliche Kontrolle der verlinkten Seiten ist jedoch ohne konkrete Anhaltspunkte einer Rechtsverletzung nicht zumutbar. Bei Bekanntwerden von Rechtsverletzungen werden wir derartige Links umgehend entfernen.<\/p>\n<h3>Urheberrecht<\/h3>\n<p>Die durch die Seitenbetreiber erstellten Inhalte und Werke auf diesen Seiten unterliegen dem deutschen Urheberrecht. Die Vervielf\u00e4ltigung, Bearbeitung, Verbreitung und jede Art der Verwertung au\u00dferhalb der Grenzen des Urheberrechtes bed\u00fcrfen der schriftlichen Zustimmung des jeweiligen Autors bzw. Erstellers. Downloads und Kopien dieser Seite sind nur f\u00fcr den privaten, nicht kommerziellen Gebrauch gestattet.<\/p>\n<p>Soweit die Inhalte auf dieser Seite nicht vom Betreiber erstellt wurden, werden die Urheberrechte Dritter beachtet. Insbesondere werden Inhalte Dritter als solche gekennzeichnet. Sollten Sie trotzdem auf eine Urheberrechtsverletzung aufmerksam werden, bitten wir um einen entsprechenden Hinweis. Bei Bekanntwerden von Rechtsverletzungen werden wir derartige Inhalte umgehend entfernen.<\/p>\n<h3>Bildrechte \/ Bildnachweis<\/h3>\n<p><a href=\"http:\/\/solutions-finder.com\/en\/financial-advice-for-women\/\">http:\/\/solutions-finder.com\/finanzberatung-fuer-frauen\/<\/a> &#8211; Pexels &#8211; 8145335<\/p>\n<p>Powered by <a href=\"https:\/\/kundenwachstum.de\/website-erstellen-lassen\/\" target=\"_blank\" rel=\"noopener\">Kundenwachstum.de<\/a><\/p>\n\t\t\t\t\t\t\t\t<\/div>\n\t\t\t\t<\/div>\n\t\t\t\t\t<\/div>\n\t\t<\/div>\n\t\t\t\t\t<\/div>\n\t\t<\/section>\n\t\t\t\t\t<\/div>\n\t\t<\/div>\n\t\t\t\t\t<\/div>\n\t\t<\/section>\n\t\t\t\t<section class=\"elementor-section elementor-top-section elementor-element elementor-element-30d37318 padding-80 elementor-section-full_width elementor-section-height-default elementor-section-height-default\" data-id=\"30d37318\" data-element_type=\"section\" id=\"padding-80\">\n\t\t\t\t\t\t<div class=\"elementor-container elementor-column-gap-default\">\n\t\t\t\t\t<div class=\"elementor-column elementor-col-100 elementor-top-column elementor-element elementor-element-26a61635\" data-id=\"26a61635\" data-element_type=\"column\">\n\t\t\t<div class=\"elementor-widget-wrap elementor-element-populated\">\n\t\t\t\t\t\t<div class=\"elementor-element elementor-element-3b551c19 padd-80 elementor-widget elementor-widget-spacer\" data-id=\"3b551c19\" data-element_type=\"widget\" data-widget_type=\"spacer.default\">\n\t\t\t\t<div class=\"elementor-widget-container\">\n\t\t\t\t\t\t\t<div class=\"elementor-spacer\">\n\t\t\t<div class=\"elementor-spacer-inner\"><\/div>\n\t\t<\/div>\n\t\t\t\t\t\t<\/div>\n\t\t\t\t<\/div>\n\t\t\t\t\t<\/div>\n\t\t<\/div>\n\t\t\t\t\t<\/div>\n\t\t<\/section>\n\t\t\t\t<\/div>\n\t\t","protected":false},"excerpt":{"rendered":"<p>Impressum ANGABEN GEM\u00c4SS \u00a7 5 DDG Astrid Schmitt-BylandtAm Ellerhang 1461462 Koenigstein VERTRETEN DURCH: Gesch\u00e4ftsf\u00fchrerin: Astrid Schmitt-Bylandt KONTAKT: Telefon Zentrale: +49 6174 9528499E-Mail: success@solutions-finder.com Haftung f\u00fcr Inhalte Als Diensteanbieter sind wir gem\u00e4\u00df \u00a7 7 Abs.1 DDG f\u00fcr eigene Inhalte auf diesen Seiten nach den allgemeinen Gesetzen verantwortlich. Nach \u00a7\u00a7 8 bis 10 DDG sind wir als [&hellip;]<\/p>\n","protected":false},"author":7,"featured_media":0,"parent":0,"menu_order":0,"comment_status":"closed","ping_status":"closed","template":"elementor_header_footer","meta":{"_acf_changed":false,"footnotes":""},"class_list":["post-2237","page","type-page","status-publish","hentry"],"acf":[],"yoast_head":"<!-- This site is optimized with the Yoast SEO plugin v25.1 - https:\/\/yoast.com\/wordpress\/plugins\/seo\/ -->\n<title>Impressum von ASB TRAINING LTD<\/title>\n<meta name=\"description\" content=\"Das Impressum von ASB TRAINING LTD findest Du auf dieser Seite. Hier kannst Du unsere Adresse finden sowie den Haftungshinweis.\" \/>\n<meta name=\"robots\" content=\"index, follow, max-snippet:-1, max-image-preview:large, max-video-preview:-1\" \/>\n<link rel=\"canonical\" href=\"https:\/\/solutions-finder.com\/en\/imprint\/\" \/>\n<meta property=\"og:locale\" content=\"en_US\" \/>\n<meta property=\"og:type\" content=\"article\" \/>\n<meta property=\"og:title\" content=\"Impressum von ASB TRAINING LTD\" \/>\n<meta property=\"og:description\" content=\"Das Impressum von ASB TRAINING LTD findest Du auf dieser Seite. Hier kannst Du unsere Adresse finden sowie den Haftungshinweis.\" \/>\n<meta property=\"og:url\" content=\"https:\/\/solutions-finder.com\/en\/imprint\/\" \/>\n<meta property=\"og:site_name\" content=\"solutions-finder.de\" \/>\n<meta property=\"article:publisher\" content=\"https:\/\/www.facebook.com\/solutions.finder.uk\" \/>\n<meta property=\"article:modified_time\" content=\"2024-12-13T08:27:34+00:00\" \/>\n<meta name=\"twitter:card\" content=\"summary_large_image\" \/>\n<meta name=\"twitter:label1\" content=\"Est. reading time\" \/>\n\t<meta name=\"twitter:data1\" content=\"2 minutes\" \/>\n<script type=\"application\/ld+json\" class=\"yoast-schema-graph\">{\"@context\":\"https:\/\/schema.org\",\"@graph\":[{\"@type\":\"WebPage\",\"@id\":\"https:\/\/solutions-finder.com\/en\/imprint\/\",\"url\":\"https:\/\/solutions-finder.com\/en\/imprint\/\",\"name\":\"Impressum von ASB TRAINING LTD\",\"isPartOf\":{\"@id\":\"https:\/\/solutions-finder.com\/en\/#website\"},\"datePublished\":\"2024-09-30T07:52:27+00:00\",\"dateModified\":\"2024-12-13T08:27:34+00:00\",\"description\":\"Das Impressum von ASB TRAINING LTD findest Du auf dieser Seite. Hier kannst Du unsere Adresse finden sowie den Haftungshinweis.\",\"breadcrumb\":{\"@id\":\"https:\/\/solutions-finder.com\/en\/imprint\/#breadcrumb\"},\"inLanguage\":\"en-US\",\"potentialAction\":[{\"@type\":\"ReadAction\",\"target\":[\"https:\/\/solutions-finder.com\/en\/imprint\/\"]}]},{\"@type\":\"BreadcrumbList\",\"@id\":\"https:\/\/solutions-finder.com\/en\/imprint\/#breadcrumb\",\"itemListElement\":[{\"@type\":\"ListItem\",\"position\":1,\"name\":\"Startseite\",\"item\":\"http:\/\/solutions-finder.com\/en\/\"},{\"@type\":\"ListItem\",\"position\":2,\"name\":\"Imprint\"}]},{\"@type\":\"WebSite\",\"@id\":\"https:\/\/solutions-finder.com\/en\/#website\",\"url\":\"https:\/\/solutions-finder.com\/en\/\",\"name\":\"solutions-finder.de\",\"description\":\"\",\"publisher\":{\"@id\":\"https:\/\/solutions-finder.com\/en\/#organization\"},\"potentialAction\":[{\"@type\":\"SearchAction\",\"target\":{\"@type\":\"EntryPoint\",\"urlTemplate\":\"https:\/\/solutions-finder.com\/en\/?s={search_term_string}\"},\"query-input\":{\"@type\":\"PropertyValueSpecification\",\"valueRequired\":true,\"valueName\":\"search_term_string\"}}],\"inLanguage\":\"en-US\"},{\"@type\":\"Organization\",\"@id\":\"https:\/\/solutions-finder.com\/en\/#organization\",\"name\":\"solutions-finder.de\",\"url\":\"https:\/\/solutions-finder.com\/en\/\",\"logo\":{\"@type\":\"ImageObject\",\"inLanguage\":\"en-US\",\"@id\":\"https:\/\/solutions-finder.com\/en\/#\/schema\/logo\/image\/\",\"url\":\"https:\/\/solutions-finder.com\/wp-content\/uploads\/2022\/02\/solutions-finder-logo-v2.webp\",\"contentUrl\":\"https:\/\/solutions-finder.com\/wp-content\/uploads\/2022\/02\/solutions-finder-logo-v2.webp\",\"width\":350,\"height\":260,\"caption\":\"solutions-finder.de\"},\"image\":{\"@id\":\"https:\/\/solutions-finder.com\/en\/#\/schema\/logo\/image\/\"},\"sameAs\":[\"https:\/\/www.facebook.com\/solutions.finder.uk\",\"https:\/\/www.instagram.com\/solutions.finder.uk\/\",\"https:\/\/www.youtube.com\/channel\/UCo6gHqpHWxUNYkPGjg5tSyw?view_as=subscriber\"]}]}<\/script>\n<!-- \/ Yoast SEO plugin. -->","yoast_head_json":{"title":"Impressum von ASB TRAINING LTD","description":"Das Impressum von ASB TRAINING LTD findest Du auf dieser Seite. Hier kannst Du unsere Adresse finden sowie den Haftungshinweis.","robots":{"index":"index","follow":"follow","max-snippet":"max-snippet:-1","max-image-preview":"max-image-preview:large","max-video-preview":"max-video-preview:-1"},"canonical":"https:\/\/solutions-finder.com\/en\/imprint\/","og_locale":"en_US","og_type":"article","og_title":"Impressum von ASB TRAINING LTD","og_description":"Das Impressum von ASB TRAINING LTD findest Du auf dieser Seite. Hier kannst Du unsere Adresse finden sowie den Haftungshinweis.","og_url":"https:\/\/solutions-finder.com\/en\/imprint\/","og_site_name":"solutions-finder.de","article_publisher":"https:\/\/www.facebook.com\/solutions.finder.uk","article_modified_time":"2024-12-13T08:27:34+00:00","twitter_card":"summary_large_image","twitter_misc":{"Est. reading time":"2 minutes"},"schema":{"@context":"https:\/\/schema.org","@graph":[{"@type":"WebPage","@id":"https:\/\/solutions-finder.com\/en\/imprint\/","url":"https:\/\/solutions-finder.com\/en\/imprint\/","name":"Impressum von ASB TRAINING LTD","isPartOf":{"@id":"https:\/\/solutions-finder.com\/en\/#website"},"datePublished":"2024-09-30T07:52:27+00:00","dateModified":"2024-12-13T08:27:34+00:00","description":"Das Impressum von ASB TRAINING LTD findest Du auf dieser Seite. Hier kannst Du unsere Adresse finden sowie den Haftungshinweis.","breadcrumb":{"@id":"https:\/\/solutions-finder.com\/en\/imprint\/#breadcrumb"},"inLanguage":"en-US","potentialAction":[{"@type":"ReadAction","target":["https:\/\/solutions-finder.com\/en\/imprint\/"]}]},{"@type":"BreadcrumbList","@id":"https:\/\/solutions-finder.com\/en\/imprint\/#breadcrumb","itemListElement":[{"@type":"ListItem","position":1,"name":"Startseite","item":"http:\/\/solutions-finder.com\/en\/"},{"@type":"ListItem","position":2,"name":"Imprint"}]},{"@type":"WebSite","@id":"https:\/\/solutions-finder.com\/en\/#website","url":"https:\/\/solutions-finder.com\/en\/","name":"solutions-finder.de","description":"","publisher":{"@id":"https:\/\/solutions-finder.com\/en\/#organization"},"potentialAction":[{"@type":"SearchAction","target":{"@type":"EntryPoint","urlTemplate":"https:\/\/solutions-finder.com\/en\/?s={search_term_string}"},"query-input":{"@type":"PropertyValueSpecification","valueRequired":true,"valueName":"search_term_string"}}],"inLanguage":"en-US"},{"@type":"Organization","@id":"https:\/\/solutions-finder.com\/en\/#organization","name":"solutions-finder.de","url":"https:\/\/solutions-finder.com\/en\/","logo":{"@type":"ImageObject","inLanguage":"en-US","@id":"https:\/\/solutions-finder.com\/en\/#\/schema\/logo\/image\/","url":"https:\/\/solutions-finder.com\/wp-content\/uploads\/2022\/02\/solutions-finder-logo-v2.webp","contentUrl":"https:\/\/solutions-finder.com\/wp-content\/uploads\/2022\/02\/solutions-finder-logo-v2.webp","width":350,"height":260,"caption":"solutions-finder.de"},"image":{"@id":"https:\/\/solutions-finder.com\/en\/#\/schema\/logo\/image\/"},"sameAs":["https:\/\/www.facebook.com\/solutions.finder.uk","https:\/\/www.instagram.com\/solutions.finder.uk\/","https:\/\/www.youtube.com\/channel\/UCo6gHqpHWxUNYkPGjg5tSyw?view_as=subscriber"]}]}},"_links":{"self":[{"href":"https:\/\/solutions-finder.com\/en\/wp-json\/wp\/v2\/pages\/2237","targetHints":{"allow":["GET"]}}],"collection":[{"href":"https:\/\/solutions-finder.com\/en\/wp-json\/wp\/v2\/pages"}],"about":[{"href":"https:\/\/solutions-finder.com\/en\/wp-json\/wp\/v2\/types\/page"}],"author":[{"embeddable":true,"href":"https:\/\/solutions-finder.com\/en\/wp-json\/wp\/v2\/users\/7"}],"replies":[{"embeddable":true,"href":"https:\/\/solutions-finder.com\/en\/wp-json\/wp\/v2\/comments?post=2237"}],"version-history":[{"count":7,"href":"https:\/\/solutions-finder.com\/en\/wp-json\/wp\/v2\/pages\/2237\/revisions"}],"predecessor-version":[{"id":2752,"href":"https:\/\/solutions-finder.com\/en\/wp-json\/wp\/v2\/pages\/2237\/revisions\/2752"}],"wp:attachment":[{"href":"https:\/\/solutions-finder.com\/en\/wp-json\/wp\/v2\/media?parent=2237"}],"curies":[{"name":"wp","href":"https:\/\/api.w.org\/{rel}","templated":true}]}}